
{"id":3363,"date":"2024-12-28T20:12:45","date_gmt":"2024-12-28T20:12:45","guid":{"rendered":"https:\/\/britewebsites.com\/?page_id=3363"},"modified":"2026-04-01T01:17:29","modified_gmt":"2026-04-01T01:17:29","slug":"domains","status":"publish","type":"page","link":"https:\/\/britewebsites.com\/fr\/domains\/","title":{"rendered":"Domaines"},"content":{"rendered":"<div class=\"wp-block-uagb-image uagb-block-214e5ae8 wp-block-uagb-image--layout-default wp-block-uagb-image--effect-static wp-block-uagb-image--align-none\"><figure class=\"wp-block-uagb-image__figure\"><img decoding=\"async\" srcset=\"https:\/\/britewebsites.com\/wp-content\/uploads\/2026\/03\/domaines-1.jpg ,https:\/\/britewebsites.com\/wp-content\/uploads\/2026\/03\/domaines-1.jpg 780w, https:\/\/britewebsites.com\/wp-content\/uploads\/2026\/03\/domaines-1.jpg 360w\" sizes=\"auto, (max-width: 480px) 150px\" src=\"https:\/\/britewebsites.com\/wp-content\/uploads\/2026\/03\/domaines-1.jpg\" alt=\"\" class=\"uag-image-3896\" width=\"1280\" height=\"540\" title=\"domaines\" loading=\"lazy\" role=\"img\"\/><\/figure><\/div>\n\n\n\n<p class=\"animated fadeIn delay-200ms\" style=\"padding-top:var(--wp--preset--spacing--50)\">Explorez notre portfolio exclusif de domaines, comprenant des noms de domaine premium, attractifs et optimis\u00e9s pour le SEO, sp\u00e9cialement con\u00e7us pour les startups et les entreprises de toutes tailles. Ils sont pens\u00e9s pour g\u00e9n\u00e9rer du trafic et vous aider \u00e0 atteindre votre audience cible. <br><br>Chaque domaine est soigneusement s\u00e9lectionn\u00e9 pour offrir une cr\u00e9dibilit\u00e9 imm\u00e9diate, un branding inoubliable et un avantage concurrentiel dans le paysage num\u00e9rique actuel. Les noms de domaine m\u00e9morables et courts sont facilement marquables, vous aident \u00e0 vous d\u00e9marquer, \u00e0 construire votre cr\u00e9dibilit\u00e9 et \u00e0 attirer votre audience id\u00e9ale.<br><br>D\u00e9couvrez notre portfolio de domaines publics publi\u00e9 aupr\u00e8s des registraires les plus fiables du march\u00e9 et des meilleures plateformes disponibles: <span>ABOVE, ATOM, AFTERNIC, AFTERMARKET, GODADDY<\/span>, NAMECHEAP, SEDO<br><br><a href=\"https:\/\/aftermarket.com\/seller\/33397de7?perPage=250\" target=\"_blank\" rel=\"noopener\" title=\"\">View our public AFTERMARKET  domains Portfolio <\/a><\/p>\n\n\n\n<p><a href=\"https:\/\/www.atom.com\/domain-portfolio\/medo\/2804015\" target=\"_blank\" rel=\"noopener\" title=\"ATOM Domains Portfolio\">View our public ATOM domains Portfolio<\/a><\/p>\n\n\n\n<div class=\"wp-block-uagb-advanced-heading uagb-block-9338e676 animated fadeIn\"><h3 class=\"uagb-heading-text\">Keywords domains<\/h3><\/div>\n\n\n\n<figure class=\"wp-block-table is-style-regular animated fadeIn delay-100ms\"><table class=\"has-ast-global-color-2-color has-text-color has-link-color\"><tbody><tr><td><strong>DOMAINES<\/strong><\/td><td><strong>AFFICHAGE<\/strong><\/td><td><strong>ACHETER <\/strong><\/td><\/tr><tr><td><a href=\"http:\/\/airlesstires.shop\" target=\"_blank\">airlesstires.shop<\/a><\/td><td><a href=\"http:\/\/airlesstires.shop\" target=\"_blank\">Voir<\/a><\/td><td><a href=\"https:\/\/aftermarket.com\/for-sale\/airlesstires.shop\" target=\"_blank\">Faites une offre<\/a><\/td><\/tr><tr><td><a href=\"http:\/\/bagel.sale\" target=\"_blank\">bagel.sale<\/a><\/td><td><a href=\"http:\/\/bagel.sale\" target=\"_blank\">Voir<\/a><\/td><td><a href=\"https:\/\/aftermarket.com\/for-sale\/bagel.sale\" target=\"_blank\">Faites une offre<\/a><\/td><\/tr><tr><td><a href=\"http:\/\/boyfriend.icu\" target=\"_blank\">boyfriend.icu<\/a><\/td><td><a href=\"http:\/\/boyfriend.icu\" target=\"_blank\">Voir<\/a><\/td><td><a href=\"https:\/\/aftermarket.com\/for-sale\/boyfriend.icu\" target=\"_blank\">Faites une offre<\/a><\/td><\/tr><tr><td><a href=\"http:\/\/claude.fm\" target=\"_blank\">claude.fm<\/a><\/td><td><a href=\"http:\/\/claude.fm\" target=\"_blank\">Voir<\/a><\/td><td><a href=\"https:\/\/aftermarket.com\/for-sale\/claude.fm\" target=\"_blank\">Faites une offre<\/a><\/td><\/tr><tr><td><a href=\"http:\/\/clothingline.co\" target=\"_blank\">clothingline.co<\/a><\/td><td><a href=\"http:\/\/clothingline.co\" target=\"_blank\">Voir<\/a><\/td><td><a href=\"https:\/\/aftermarket.com\/for-sale\/clothingline.co\" target=\"_blank\">Faites une offre<\/a><\/td><\/tr><tr><td><a href=\"http:\/\/codelane.org\" target=\"_blank\">codelane.org<\/a><\/td><td><a href=\"http:\/\/codelane.org\" target=\"_blank\">Voir<\/a><\/td><td><a href=\"https:\/\/aftermarket.com\/for-sale\/codelane.org\" target=\"_blank\">Faites une offre<\/a><\/td><\/tr><tr><td><a href=\"http:\/\/complementizer.com\" target=\"_blank\">complementizer.com<\/a><\/td><td><a href=\"http:\/\/complementizer.com\" target=\"_blank\">Voir<\/a><\/td><td><a href=\"https:\/\/aftermarket.com\/for-sale\/complementizer.com\" target=\"_blank\">Faites une offre<\/a><\/td><\/tr><tr><td><a href=\"http:\/\/doughnut.sale\" target=\"_blank\">doughnut.sale<\/a><\/td><td><a href=\"http:\/\/doughnut.sale\" target=\"_blank\">Voir<\/a><\/td><td><a href=\"https:\/\/aftermarket.com\/for-sale\/doughnut.sale\" target=\"_blank\">Faites une offre<\/a><\/td><\/tr><tr><td><a href=\"http:\/\/feb14.xyz\" target=\"_blank\">feb14.xyz<\/a><\/td><td><a href=\"http:\/\/feb14.xyz\" target=\"_blank\">Voir<\/a><\/td><td><a href=\"https:\/\/aftermarket.com\/for-sale\/feb14.xyz\" target=\"_blank\">Faites une offre<\/a><\/td><\/tr><tr><td><a href=\"http:\/\/fructify.money\" target=\"_blank\">fructify.money<\/a><\/td><td><a href=\"http:\/\/fructify.money\" target=\"_blank\">Voir<\/a><\/td><td><a href=\"https:\/\/aftermarket.com\/for-sale\/fructify.money\" target=\"_blank\">Faites une offre<\/a><\/td><\/tr><tr><td><a href=\"http:\/\/irishtown.ca\" target=\"_blank\">irishtown.ca<\/a><\/td><td><a href=\"http:\/\/irishtown.ca\" target=\"_blank\">Voir<\/a><\/td><td><a href=\"https:\/\/aftermarket.com\/for-sale\/irishtown.ca\" target=\"_blank\">Faites une offre<\/a><\/td><\/tr><tr><td><a href=\"http:\/\/lorazepam.info\" target=\"_blank\">lorazepam.info<\/a><\/td><td><a href=\"http:\/\/lorazepam.info\" target=\"_blank\">Voir<\/a><\/td><td><a href=\"https:\/\/aftermarket.com\/for-sale\/lorazepam.info\" target=\"_blank\">Faites une offre<\/a><\/td><\/tr><tr><td><a href=\"http:\/\/lottie.ca\" target=\"_blank\">lottie.ca<\/a><\/td><td><a href=\"http:\/\/lottie.ca\" target=\"_blank\">Voir<\/a><\/td><td><a href=\"https:\/\/aftermarket.com\/for-sale\/lottie.ca\" target=\"_blank\">Faites une offre<\/a><\/td><\/tr><tr><td><a href=\"http:\/\/gemini.fm\" target=\"_blank\">gemini.fm<\/a><\/td><td><a href=\"http:\/\/gemini.fm\" target=\"_blank\">Voir<\/a><\/td><td><a href=\"https:\/\/aftermarket.com\/for-sale\/gemini.fm\" target=\"_blank\">Faites une offre<\/a><\/td><\/tr><tr><td><a href=\"http:\/\/globalcasino.bet\" target=\"_blank\">globalcasino.bet<\/a><\/td><td><a href=\"http:\/\/globalcasino.bet\" target=\"_blank\">Voir<\/a><\/td><td><a href=\"https:\/\/aftermarket.com\/for-sale\/globalcasino.bet\" target=\"_blank\">Faites une offre<\/a><\/td><\/tr><tr><td><a href=\"http:\/\/html5css3.org\" target=\"_blank\">html5css3.org<\/a><\/td><td><a href=\"http:\/\/html5css3.org\" target=\"_blank\">Voir<\/a><\/td><td><a href=\"https:\/\/aftermarket.com\/for-sale\/html5css3.org\" target=\"_blank\">Faites une offre<\/a><\/td><\/tr><tr><td><a href=\"http:\/\/electricity.asia\" target=\"_blank\">electricity.asia<\/a><\/td><td><a href=\"http:\/\/electricity.asia\" target=\"_blank\">Voir<\/a><\/td><td><a href=\"https:\/\/aftermarket.com\/for-sale\/electricity.asia\" target=\"_blank\">Faites une offre<\/a><\/td><\/tr><tr><td><a href=\"http:\/\/energies.solar\" target=\"_blank\">energies.solar<\/a><\/td><td><a href=\"http:\/\/energies.solar\" target=\"_blank\">Voir<\/a><\/td><td><a href=\"https:\/\/aftermarket.com\/for-sale\/energies.solar\" target=\"_blank\">Faites une offre<\/a><\/td><\/tr><tr><td><a href=\"http:\/\/insptech.com\" target=\"_blank\">insptech.com<\/a><\/td><td><a href=\"http:\/\/insptech.com\" target=\"_blank\">Voir<\/a><\/td><td><a href=\"https:\/\/aftermarket.com\/for-sale\/insptech.com\" target=\"_blank\">Faites une offre<\/a><\/td><\/tr><tr><td><a href=\"http:\/\/instacelebs.com\" target=\"_blank\">instacelebs.com<\/a><\/td><td><a href=\"http:\/\/instacelebs.com\" target=\"_blank\">Voir<\/a><\/td><td><a href=\"https:\/\/aftermarket.com\/for-sale\/instacelebs.com\" target=\"_blank\">Faites une offre<\/a><\/td><\/tr><tr><td><a href=\"http:\/\/makeupvip.com\" target=\"_blank\">makeupvip.com<\/a><\/td><td><a href=\"http:\/\/makeupvip.com\" target=\"_blank\">Voir<\/a><\/td><td><a href=\"https:\/\/aftermarket.com\/for-sale\/makeupvip.com\" target=\"_blank\">Faites une offre<\/a><\/td><\/tr><tr><td><a href=\"http:\/\/mat.sale\" target=\"_blank\">mat.sale<\/a><\/td><td><a href=\"http:\/\/mat.sale\" target=\"_blank\">Voir<\/a><\/td><td><a href=\"https:\/\/aftermarket.com\/for-sale\/mat.sale\" target=\"_blank\">Faites une offre<\/a><\/td><\/tr><tr><td><a href=\"http:\/\/myprivatejet.co\" target=\"_blank\">myprivatejet.co<\/a><\/td><td><a href=\"http:\/\/myprivatejet.co\" target=\"_blank\">Voir<\/a><\/td><td><a href=\"https:\/\/aftermarket.com\/for-sale\/myprivatejet.co\" target=\"_blank\">Faites une offre<\/a><\/td><\/tr><tr><td><a href=\"http:\/\/prednisolone.info\" target=\"_blank\">prednisolone.info<\/a><\/td><td><a href=\"http:\/\/prednisolone.info\" target=\"_blank\">Voir<\/a><\/td><td><a href=\"https:\/\/aftermarket.com\/for-sale\/prednisolone.info\" target=\"_blank\">Faites une offre<\/a><\/td><\/tr><tr><td><a href=\"http:\/\/privatejet.vegas\" target=\"_blank\">privatejet.vegas<\/a><\/td><td><a href=\"http:\/\/privatejet.vegas\" target=\"_blank\">Voir<\/a><\/td><td><a href=\"https:\/\/aftermarket.com\/for-sale\/privatejet.vegas\" target=\"_blank\">Faites une offre<\/a><\/td><\/tr><tr><td><a href=\"http:\/\/select.icu\" target=\"_blank\">select.icu<\/a><\/td><td><a href=\"http:\/\/select.icu\" target=\"_blank\">Voir<\/a><\/td><td><a href=\"https:\/\/aftermarket.com\/for-sale\/select.icu\" target=\"_blank\">Faites une offre<\/a><\/td><\/tr><tr><td><a href=\"http:\/\/serialids.com\" target=\"_blank\">serialids.com<\/a><\/td><td><a href=\"http:\/\/serialids.com\" target=\"_blank\">Voir<\/a><\/td><td><a href=\"https:\/\/aftermarket.com\/for-sale\/serialids.com\" target=\"_blank\">Faites une offre<\/a><\/td><\/tr><tr><td><a href=\"http:\/\/shopdubai.deals\" target=\"_blank\">shopdubai.deals<\/a><\/td><td><a href=\"http:\/\/shopdubai.deals\" target=\"_blank\">Voir<\/a><\/td><td><a href=\"https:\/\/aftermarket.com\/for-sale\/shopdubai.deals\" target=\"_blank\">Faites une offre<\/a><\/td><\/tr><tr><td><a href=\"http:\/\/shopdubaideals.com\" target=\"_blank\">shopdubaideals.com<\/a><\/td><td><a href=\"http:\/\/shopdubaideals.com\" target=\"_blank\">Voir<\/a><\/td><td><a href=\"https:\/\/aftermarket.com\/for-sale\/shopdubaideals.com\" target=\"_blank\">Faites une offre<\/a><\/td><\/tr><tr><td><a href=\"http:\/\/savedaily.net\" target=\"_blank\">savedaily.net<\/a><\/td><td><a href=\"http:\/\/savedaily.net\" target=\"_blank\">Voir<\/a><\/td><td><a href=\"https:\/\/aftermarket.com\/for-sale\/savedaily.net\" target=\"_blank\">Faites une offre<\/a><\/td><\/tr><tr><td><a href=\"http:\/\/vpnsession.com\" target=\"_blank\">vpnsession.com<\/a><\/td><td><a href=\"http:\/\/vpnsession.com\" target=\"_blank\">Voir<\/a><\/td><td><a href=\"https:\/\/aftermarket.com\/for-sale\/vpnsession.com\" target=\"_blank\">Faites une offre<\/a><\/td><\/tr><tr><td><a href=\"http:\/\/vpntunnel.xyz\" target=\"_blank\">vpntunnel.xyz<\/a><\/td><td><a href=\"http:\/\/vpntunnel.xyz\" target=\"_blank\">Voir<\/a><\/td><td><a href=\"https:\/\/aftermarket.com\/for-sale\/vpntunnel.xyz\" target=\"_blank\">Faites une offre<\/a><\/td><\/tr><\/tbody><\/table><\/figure>\n\n\n\n<div class=\"wp-block-uagb-advanced-heading uagb-block-2fa90561 animated fadeIn delay-200ms\"><h3 class=\"uagb-heading-text\">Domaines propices au Branding<\/h3><\/div>\n\n\n\n<figure class=\"wp-block-table animated fadeIn delay-200ms\"><table class=\"has-ast-global-color-2-color has-text-color has-link-color\"><tbody><tr><td><strong>DOMAINES<\/strong><\/td><td><strong><strong>AFFICHAGE<\/strong><\/strong><\/td><td><strong>ACHETER <\/strong><\/td><\/tr><tr><td><a href=\"http:\/\/britedns.com\" target=\"_blank\">britedns.com<\/a><\/td><td><a href=\"http:\/\/britedns.com\" target=\"_blank\">Voir<\/a><\/td><td><a href=\"https:\/\/aftermarket.com\/for-sale\/britedns.com\" target=\"_blank\">Faites une offre<\/a><\/td><\/tr><tr><td><a href=\"http:\/\/briteemail.com\" target=\"_blank\">briteemail.com<\/a><\/td><td><a href=\"http:\/\/briteemail.com\" target=\"_blank\">Voir<\/a><\/td><td><a href=\"https:\/\/aftermarket.com\/for-sale\/briteemail.com\" target=\"_blank\">Faites une offre<\/a><\/td><\/tr><tr><td><a href=\"http:\/\/briteserver.com\" target=\"_blank\">briteserver.com<\/a><\/td><td><a href=\"http:\/\/briteserver.com\" target=\"_blank\">Voir<\/a><\/td><td><a href=\"https:\/\/aftermarket.com\/for-sale\/briteserver.com\" target=\"_blank\"><\/a><a href=\"https:\/\/aftermarket.com\/for-sale\/briteserver.com\" target=\"_blank\">Faites une offre<\/a><\/td><\/tr><tr><td><a href=\"http:\/\/britessl.com\" target=\"_blank\">britessl.com<\/a><\/td><td><a href=\"http:\/\/britessl.com\" target=\"_blank\">Voir<\/a><\/td><td><a href=\"https:\/\/aftermarket.com\/for-sale\/britessl.com\" target=\"_blank\">Faites une offre<\/a><\/td><\/tr><tr><td><a href=\"http:\/\/britestartup.com\" target=\"_blank\">britestartup.com<\/a><\/td><td><a href=\"http:\/\/britestartup.com\" target=\"_blank\">Voir<\/a><\/td><td><a href=\"https:\/\/aftermarket.com\/for-sale\/britestartup.com\" target=\"_blank\">Faites une offre<\/a><\/td><\/tr><tr><td><a href=\"http:\/\/tlsencrypted.com\" target=\"_blank\">tlsencrypted.com<\/a><\/td><td><a href=\"http:\/\/tlsencrypted.com\" target=\"_blank\">Voir<\/a><\/td><td><a href=\"https:\/\/aftermarket.com\/for-sale\/tlsencrypted.com\" target=\"_blank\">Faites une offre<\/a><\/td><\/tr><\/tbody><\/table><\/figure>\n\n\n\n<div class=\"wp-block-uagb-advanced-heading uagb-block-c50cfb67 animated fadeIn delay-500ms\"><h3 class=\"uagb-heading-text\">Domaines .QUEBEC<\/h3><\/div>\n\n\n\n<figure class=\"wp-block-table animated fadeIn delay-500ms\"><table class=\"has-ast-global-color-2-color has-text-color has-link-color\"><tbody><tr><td><strong>DOMAINES<\/strong><\/td><td><strong><strong>AFFICHAGE<\/strong><\/strong><\/td><td><strong>ACHETER <\/strong><\/td><\/tr><tr><td><a href=\"http:\/\/chatgpt.quebec\" target=\"_blank\">chatgpt.quebec<\/a><\/td><td><a href=\"http:\/\/chatgpt.quebec\" target=\"_blank\">Voir<\/a><\/td><td><a href=\"https:\/\/aftermarket.com\/for-sale\/chatgpt.quebec\" target=\"_blank\">Faites une offre<\/a><\/td><\/tr><tr><td><a href=\"http:\/\/gemini.quebec\" target=\"_blank\">gemini.quebec<\/a><\/td><td><a href=\"http:\/\/gemini.quebec\" target=\"_blank\">Voir<\/a><\/td><td><a href=\"https:\/\/aftermarket.com\/for-sale\/gemini.quebec\" target=\"_blank\">Faites une offre<\/a><\/td><\/tr><tr><td><a href=\"http:\/\/sharp.quebec\" target=\"_blank\">sharp.quebec<\/a><\/td><td><a href=\"http:\/\/sharp.quebec\" target=\"_blank\">Voir<\/a><\/td><td><a href=\"https:\/\/aftermarket.com\/for-sale\/sharp.quebec\" target=\"_blank\">Faites une offre<\/a><\/td><\/tr><\/tbody><\/table><\/figure>\n\n\n\n<div class=\"wp-block-uagb-advanced-heading uagb-block-77f36912 animated fadeIn delay-500ms\"><h3 class=\"uagb-heading-text\">Autres Extensions de domaines<\/h3><\/div>\n\n\n\n<figure class=\"wp-block-table animated fadeIn delay-500ms\"><table class=\"has-ast-global-color-2-color has-text-color has-link-color\"><tbody><tr><td><strong>DOMAINES<\/strong><\/td><td><strong><strong>AFFICHAGE<\/strong><\/strong><\/td><td><strong>ACHETER <\/strong><\/td><\/tr><tr><td><a href=\"http:\/\/haltscams.institute\" target=\"_blank\">haltscams.institute<\/a><\/td><td><a href=\"http:\/\/haltscams.institute\" target=\"_blank\">Voir<\/a><\/td><td><a href=\"https:\/\/aftermarket.com\/for-sale\/haltscams.institute\" target=\"_blank\">Faites une offre<\/a><\/td><\/tr><tr><td><a href=\"http:\/\/serialids.tips\" target=\"_blank\">serialids.tips<\/a><\/td><td><a href=\"http:\/\/serialids.tips\" target=\"_blank\">Voir<\/a><\/td><td><a href=\"https:\/\/aftermarket.com\/for-sale\/serialids.tips\" target=\"_blank\">Faites une offre<\/a><\/td><\/tr><tr><td><a href=\"http:\/\/smartslang.express\" target=\"_blank\">smartslang.express<\/a><\/td><td><a href=\"http:\/\/smartslang.express\" target=\"_blank\">Voir<\/a><\/td><td><a href=\"https:\/\/aftermarket.com\/for-sale\/smartslang.express\" target=\"_blank\">Faites une offre<\/a><\/td><\/tr><tr><td><a href=\"http:\/\/vpnadmin.red\" target=\"_blank\">vpnadmin.red<\/a><\/td><td><a href=\"http:\/\/vpnadmin.red\" target=\"_blank\">Voir<\/a><\/td><td><a href=\"https:\/\/aftermarket.com\/for-sale\/vpnadmin.red\" target=\"_blank\">Faites une offre<\/a><\/td><\/tr><\/tbody><\/table><\/figure>","protected":false},"excerpt":{"rendered":"<p>Dive into our exclusive domain portfolio, featuring premium, marketable, and SEO-friendly domains tailored for startups, businesses of all size, built [&hellip;]<\/p>\n","protected":false},"author":1,"featured_media":3896,"parent":0,"menu_order":0,"comment_status":"closed","ping_status":"closed","template":"","meta":{"_uag_custom_page_level_css":".portfolio, table a:active, table a:visited, table a:link, a:visited {\n  color: white;\n}\na, table a {\n\ttext-decoration: none!important;\n}\n","site-sidebar-layout":"default","site-content-layout":"","ast-site-content-layout":"","site-content-style":"default","site-sidebar-style":"default","ast-global-header-display":"","ast-banner-title-visibility":"","ast-main-header-display":"","ast-hfb-above-header-display":"","ast-hfb-below-header-display":"","ast-hfb-mobile-header-display":"","site-post-title":"","ast-breadcrumbs-content":"","ast-featured-img":"","footer-sml-layout":"","ast-disable-related-posts":"","theme-transparent-header-meta":"","adv-header-id-meta":"","stick-header-meta":"","header-above-stick-meta":"","header-main-stick-meta":"","header-below-stick-meta":"","astra-migrate-meta-layouts":"default","ast-page-background-enabled":"default","ast-page-background-meta":{"desktop":{"background-color":"var(--ast-global-color-4)","background-image":"","background-repeat":"repeat","background-position":"center center","background-size":"auto","background-attachment":"scroll","background-type":"","background-media":"","overlay-type":"","overlay-color":"","overlay-opacity":"","overlay-gradient":""},"tablet":{"background-color":"","background-image":"","background-repeat":"repeat","background-position":"center center","background-size":"auto","background-attachment":"scroll","background-type":"","background-media":"","overlay-type":"","overlay-color":"","overlay-opacity":"","overlay-gradient":""},"mobile":{"background-color":"","background-image":"","background-repeat":"repeat","background-position":"center center","background-size":"auto","background-attachment":"scroll","background-type":"","background-media":"","overlay-type":"","overlay-color":"","overlay-opacity":"","overlay-gradient":""}},"ast-content-background-meta":{"desktop":{"background-color":"var(--ast-global-color-5)","background-image":"","background-repeat":"repeat","background-position":"center center","background-size":"auto","background-attachment":"scroll","background-type":"","background-media":"","overlay-type":"","overlay-color":"","overlay-opacity":"","overlay-gradient":""},"tablet":{"background-color":"var(--ast-global-color-5)","background-image":"","background-repeat":"repeat","background-position":"center center","background-size":"auto","background-attachment":"scroll","background-type":"","background-media":"","overlay-type":"","overlay-color":"","overlay-opacity":"","overlay-gradient":""},"mobile":{"background-color":"var(--ast-global-color-5)","background-image":"","background-repeat":"repeat","background-position":"center center","background-size":"auto","background-attachment":"scroll","background-type":"","background-media":"","overlay-type":"","overlay-color":"","overlay-opacity":"","overlay-gradient":""}},"footnotes":""},"class_list":["post-3363","page","type-page","status-publish","has-post-thumbnail","hentry"],"aioseo_notices":[],"uagb_featured_image_src":{"full":["https:\/\/britewebsites.com\/wp-content\/uploads\/2026\/03\/domaines-1.jpg",2048,1364,false],"thumbnail":["https:\/\/britewebsites.com\/wp-content\/uploads\/2026\/03\/domaines-1-150x150.jpg",150,150,true],"medium":["https:\/\/britewebsites.com\/wp-content\/uploads\/2026\/03\/domaines-1-300x200.jpg",300,200,true],"medium_large":["https:\/\/britewebsites.com\/wp-content\/uploads\/2026\/03\/domaines-1-768x512.jpg",768,512,true],"large":["https:\/\/britewebsites.com\/wp-content\/uploads\/2026\/03\/domaines-1-1024x682.jpg",1024,682,true],"1536x1536":["https:\/\/britewebsites.com\/wp-content\/uploads\/2026\/03\/domaines-1-1536x1023.jpg",1536,1023,true],"2048x2048":["https:\/\/britewebsites.com\/wp-content\/uploads\/2026\/03\/domaines-1.jpg",2048,1364,false],"trp-custom-language-flag":["https:\/\/britewebsites.com\/wp-content\/uploads\/2026\/03\/domaines-1-18x12.jpg",18,12,true]},"uagb_author_info":{"display_name":"Webmaster","author_link":"https:\/\/britewebsites.com\/fr\/author\/coolmo2006yahoo-fr\/"},"uagb_comment_info":0,"uagb_excerpt":"Dive into our exclusive domain portfolio, featuring premium, marketable, and SEO-friendly domains tailored for startups, businesses of all size, built [&hellip;]","_links":{"self":[{"href":"https:\/\/britewebsites.com\/fr\/wp-json\/wp\/v2\/pages\/3363","targetHints":{"allow":["GET"]}}],"collection":[{"href":"https:\/\/britewebsites.com\/fr\/wp-json\/wp\/v2\/pages"}],"about":[{"href":"https:\/\/britewebsites.com\/fr\/wp-json\/wp\/v2\/types\/page"}],"author":[{"embeddable":true,"href":"https:\/\/britewebsites.com\/fr\/wp-json\/wp\/v2\/users\/1"}],"replies":[{"embeddable":true,"href":"https:\/\/britewebsites.com\/fr\/wp-json\/wp\/v2\/comments?post=3363"}],"version-history":[{"count":56,"href":"https:\/\/britewebsites.com\/fr\/wp-json\/wp\/v2\/pages\/3363\/revisions"}],"predecessor-version":[{"id":3926,"href":"https:\/\/britewebsites.com\/fr\/wp-json\/wp\/v2\/pages\/3363\/revisions\/3926"}],"wp:featuredmedia":[{"embeddable":true,"href":"https:\/\/britewebsites.com\/fr\/wp-json\/wp\/v2\/media\/3896"}],"wp:attachment":[{"href":"https:\/\/britewebsites.com\/fr\/wp-json\/wp\/v2\/media?parent=3363"}],"curies":[{"name":"wp","href":"https:\/\/api.w.org\/{rel}","templated":true}]}}