
{"id":32,"date":"2024-10-02T18:48:06","date_gmt":"2024-10-02T18:48:06","guid":{"rendered":"https:\/\/britewebsites.com\/about\/"},"modified":"2026-03-23T14:30:58","modified_gmt":"2026-03-23T14:30:58","slug":"about","status":"publish","type":"page","link":"https:\/\/britewebsites.com\/fr\/about\/","title":{"rendered":"A Propos"},"content":{"rendered":"<div class=\"wp-block-uagb-container animated fadeIn uagb-block-fa2f1646 alignfull uagb-is-root-container\"><div class=\"uagb-container-inner-blocks-wrap\">\n<div class=\"wp-block-uagb-advanced-heading uagb-block-d7c7726a\"><h1 class=\"uagb-heading-text\">Lib\u00e9rez la cr\u00e9ativit\u00e9 en ligne.<\/h1><\/div>\n<\/div><\/div>\n\n\n\n<figure class=\"wp-block-embed is-type-video is-provider-vimeo wp-block-embed-vimeo wp-embed-aspect-16-9 wp-has-aspect-ratio\"><div class=\"wp-block-embed__wrapper\">\n<iframe loading=\"lazy\" title=\"CreativeWebdesignAd\" src=\"https:\/\/player.vimeo.com\/video\/1176205427?dnt=1&amp;app_id=122963\" width=\"500\" height=\"281\" frameborder=\"0\" allow=\"autoplay; fullscreen; picture-in-picture; clipboard-write; encrypted-media; web-share\" referrerpolicy=\"strict-origin-when-cross-origin\"><\/iframe>\n<\/div><\/figure>\n\n\n\n<div class=\"wp-block-uagb-container uagb-block-f0d8dae7 alignfull uagb-is-root-container\"><div class=\"uagb-container-inner-blocks-wrap\">\n<div class=\"wp-block-uagb-advanced-heading uagb-block-5898a73e animated fadeIn delay-100ms\"><h2 class=\"uagb-heading-text\">Avec une passion pour le design web qui a commenc\u00e9 il y a des ann\u00e9es, nous avons transform\u00e9 notre enthousiasme en cr\u00e9ation d'exp\u00e9riences num\u00e9riques \u00e9poustouflantes. Notre parcours a \u00e9t\u00e9 marqu\u00e9 par un apprentissage et une \u00e9volution continus.<\/h2><\/div>\n\n\n\n<div class=\"wp-block-uagb-container uagb-block-39f2abd6\">\n<div class=\"wp-block-uagb-advanced-heading uagb-block-4777fb0f animated fadeIn delay-200ms\"><p class=\"uagb-desc-text\">Au fil des ann\u00e9es, nous avons affin\u00e9 nos comp\u00e9tences dans divers aspects du design web, de l\u2019esth\u00e9tique \u00e0 la fonctionnalit\u00e9. Notre expertise englobe le design responsive, l\u2019exp\u00e9rience utilisateur et le d\u00e9veloppement front-end, nous permettant de cr\u00e9er des sites web \u00e0 la fois esth\u00e9tiques et intuitifs.<\/p><\/div>\n\n\n\n<div class=\"wp-block-uagb-advanced-heading uagb-block-933457f2 animated fadeIn delay-500ms\"><p class=\"uagb-desc-text\">Nous avons eu le plaisir de travailler avec une grande diversit\u00e9 de clients, allant des startups et des particuliers aux petites et moyennes entreprises. Chaque projet nous a appris l'importance de comprendre les besoins uniques de nos clients et de proposer des solutions sur mesure qui les aident \u00e0 atteindre leurs objectifs.<\/p><\/div>\n<\/div>\n\n\n\n<div class=\"wp-block-uagb-image aligncenter uagb-block-e836451d wp-block-uagb-image--layout-default wp-block-uagb-image--effect-static wp-block-uagb-image--align-center animated backInDown\"><figure class=\"wp-block-uagb-image__figure\"><img decoding=\"async\" srcset=\"https:\/\/britewebsites.com\/wp-content\/uploads\/2024\/10\/1237061-ezgif.com-optijpeg-1024x642.jpg ,https:\/\/britewebsites.com\/wp-content\/uploads\/2024\/10\/1237061-ezgif.com-optijpeg.jpg 780w, https:\/\/britewebsites.com\/wp-content\/uploads\/2024\/10\/1237061-ezgif.com-optijpeg.jpg 360w\" sizes=\"auto, (max-width: 480px) 150px\" src=\"https:\/\/britewebsites.com\/wp-content\/uploads\/2024\/10\/1237061-ezgif.com-optijpeg-1024x642.jpg\" alt=\"Creative Web Design\" class=\"uag-image-2829\" width=\"1200\" height=\"510\" title=\"Creative Web Design\" loading=\"lazy\" role=\"img\"\/><\/figure><\/div>\n\n\n\n<div class=\"wp-block-uagb-container uagb-block-18ea64f8\">\n<div class=\"wp-block-uagb-container uagb-block-a52c36c3\">\n<div class=\"wp-block-uagb-advanced-heading uagb-block-e3ca0117\"><div class=\"uagb-heading-text\">01<\/div><\/div>\n\n\n\n<div class=\"wp-block-uagb-advanced-heading uagb-block-59a5961e animated fadeIn\"><h3 class=\"uagb-heading-text\">Designs Adaptatifs<\/h3><p class=\"uagb-desc-text\">Nos conceptions sont superbes sur tout appareil, assurant une exp\u00e9rience utilisateur fluide pour tous les visiteurs, quelle que soit la taille de l'\u00e9cran<\/p><\/div>\n<\/div>\n\n\n\n<div class=\"wp-block-uagb-container uagb-block-616f99d6\">\n<div class=\"wp-block-uagb-advanced-heading uagb-block-79955c36\"><div class=\"uagb-heading-text\">02<\/div><\/div>\n\n\n\n<div class=\"wp-block-uagb-advanced-heading uagb-block-5e9fe326 animated fadeIn delay-100ms\"><h3 class=\"uagb-heading-text\">Solutions Personnalis\u00e9es<\/h3><p class=\"uagb-desc-text\">Nous personnalisons chaque projet pour r\u00e9pondre \u00e0 vos besoins commerciaux uniques, en cr\u00e9ant des solutions sur mesure qui s'harmonisent parfaitement avec votre strat\u00e9gie de marque<\/p><\/div>\n<\/div>\n\n\n\n<div class=\"wp-block-uagb-container uagb-block-8cb0283e\">\n<div class=\"wp-block-uagb-advanced-heading uagb-block-f510f0da\"><div class=\"uagb-heading-text\">03<\/div><\/div>\n\n\n\n<div class=\"wp-block-uagb-advanced-heading uagb-block-bbc8497f animated fadeIn delay-200ms\"><h3 class=\"uagb-heading-text\">R\u00e9f\u00e9rencement SEO<\/h3><p class=\"uagb-desc-text\">Chaque site web que nous cr\u00e9ons est con\u00e7u en respectant les meilleures pratiques SEO, afin de vous aider \u00e0 am\u00e9liorer votre classement et \u00e0 atteindre efficacement votre audience cible<\/p><\/div>\n<\/div>\n<\/div>\n<\/div><\/div>\n\n\n\n<div class=\"wp-block-uagb-container uagb-block-d41cbdef alignfull uagb-is-root-container\"><div class=\"uagb-container-inner-blocks-wrap\">\n<div class=\"wp-block-uagb-container animated fadeIn uagb-block-73c2c3ea\">\n<div class=\"wp-block-uagb-container uagb-block-b8c58042\">\n<div class=\"wp-block-uagb-advanced-heading uagb-block-03d5585c\"><h3 class=\"uagb-heading-text\">Notre Vision<\/h3><\/div>\n<\/div>\n\n\n\n<div class=\"wp-block-uagb-container uagb-block-d9d060d2\">\n<div class=\"wp-block-uagb-advanced-heading uagb-block-0f4ea819\"><p class=\"uagb-desc-text\">Inspirer et donner les moyens aux individus et aux entreprises gr\u00e2ce \u00e0 un design web innovant. Nous envisageons un monde o\u00f9 chaque pr\u00e9sence en ligne est aussi unique que son cr\u00e9ateur.<br><br>Nous utilisons les technologies les plus avanc\u00e9es et les outils les plus r\u00e9cents pour atteindre les objectifs de votre projet.<\/p><\/div>\n<\/div>\n<\/div>\n\n\n\n<div class=\"wp-block-uagb-container animated fadeIn delay-100ms uagb-block-87c69055\">\n<div class=\"wp-block-uagb-container uagb-block-244c26d3\">\n<div class=\"wp-block-uagb-advanced-heading uagb-block-5395d84d\"><h3 class=\"uagb-heading-text\">Notre Mission<\/h3><\/div>\n<\/div>\n\n\n\n<div class=\"wp-block-uagb-container uagb-block-58b71a15\">\n<div class=\"wp-block-uagb-advanced-heading uagb-block-612e9482\"><p class=\"uagb-desc-text\">Notre mission est de fournir des services de design web exceptionnels qui valorisent les marques et am\u00e9liorent l\u2019exp\u00e9rience utilisateur. Nous nous effor\u00e7ons de combiner cr\u00e9ativit\u00e9 et strat\u00e9gie pour assurer le succ\u00e8s de nos clients.<\/p><\/div>\n<\/div>\n<\/div>\n<\/div><\/div>\n\n\n\n<div class=\"wp-block-uagb-container animated zoomIn uagb-block-71fea0c9 alignfull uagb-is-root-container\"><div class=\"uagb-container-inner-blocks-wrap\">\n<div class=\"wp-block-uagb-info-box uagb-block-1d1de187 uagb-infobox__content-wrap  uagb-infobox-icon-above-title uagb-infobox-image-valign-top\"><div class=\"uagb-ifb-content\"><div class=\"uagb-ifb-title-wrap\"><h3 class=\"uagb-ifb-title\"><strong>Pr\u00eat \u00e0 b\u00e2tir votre succ\u00e8s en ligne ?<\/strong><\/h3><\/div><p class=\"uagb-ifb-desc\">Cr\u00e9ez un site web professionnel qui incarne votre marque et s\u00e9duit l'audience cible. Transformons vos id\u00e9es en r\u00e9alit\u00e9 avec une pr\u00e9sence num\u00e9rique forte, pens\u00e9e pour cro\u00eetre avec vous !<br><\/p><\/div><\/div>\n\n\n\n<div class=\"wp-block-uagb-marketing-button uagb-marketing-btn__align-center uagb-marketing-btn__align-text-center uagb-marketing-btn__icon-after uagb-block-d188485e wp-block-button\"><a href=\"\/fr\/contact\/\" class=\"uagb-marketing-btn__link wp-block-button__link\" target=\"\" rel=\"noopener noreferrer\"><span class=\"uagb-marketing-btn__title\">Commencez aujourd'hui<\/span><svg xmlns=\"https:\/\/www.w3.org\/2000\/svg\" viewbox=\"0 0 512 512\"><path d=\"M384 320c-17.67 0-32 14.33-32 32v96H64V160h96c17.67 0 32-14.32 32-32s-14.33-32-32-32L64 96c-35.35 0-64 28.65-64 64V448c0 35.34 28.65 64 64 64h288c35.35 0 64-28.66 64-64v-96C416 334.3 401.7 320 384 320zM488 0H352c-12.94 0-24.62 7.797-29.56 19.75c-4.969 11.97-2.219 25.72 6.938 34.88L370.8 96L169.4 297.4c-12.5 12.5-12.5 32.75 0 45.25C175.6 348.9 183.8 352 192 352s16.38-3.125 22.62-9.375L416 141.3l41.38 41.38c9.156 9.141 22.88 11.84 34.88 6.938C504.2 184.6 512 172.9 512 160V24C512 10.74 501.3 0 488 0z\"><\/path><\/svg><\/a><\/div>\n<\/div><\/div>\n\n\n\n<figure class=\"wp-block-video\"><\/figure>","protected":false},"excerpt":{"rendered":"<p>Unleashing Creativity Online With a passion for web design that began years ago, We have transformed our enthusiasm into crafting [&hellip;]<\/p>\n","protected":false},"author":1,"featured_media":0,"parent":0,"menu_order":0,"comment_status":"closed","ping_status":"closed","template":"","meta":{"_uag_custom_page_level_css":"","site-sidebar-layout":"default","site-content-layout":"","ast-site-content-layout":"default","site-content-style":"default","site-sidebar-style":"default","ast-global-header-display":"","ast-banner-title-visibility":"","ast-main-header-display":"","ast-hfb-above-header-display":"","ast-hfb-below-header-display":"","ast-hfb-mobile-header-display":"","site-post-title":"disabled","ast-breadcrumbs-content":"","ast-featured-img":"","footer-sml-layout":"","ast-disable-related-posts":"","theme-transparent-header-meta":"enabled","adv-header-id-meta":"","stick-header-meta":"","header-above-stick-meta":"","header-main-stick-meta":"","header-below-stick-meta":"","astra-migrate-meta-layouts":"default","ast-page-background-enabled":"default","ast-page-background-meta":{"desktop":{"background-color":"var(--ast-global-color-4)","background-image":"","background-repeat":"repeat","background-position":"center center","background-size":"auto","background-attachment":"scroll","background-type":"","background-media":"","overlay-type":"","overlay-color":"","overlay-opacity":"","overlay-gradient":""},"tablet":{"background-color":"","background-image":"","background-repeat":"repeat","background-position":"center center","background-size":"auto","background-attachment":"scroll","background-type":"","background-media":"","overlay-type":"","overlay-color":"","overlay-opacity":"","overlay-gradient":""},"mobile":{"background-color":"","background-image":"","background-repeat":"repeat","background-position":"center center","background-size":"auto","background-attachment":"scroll","background-type":"","background-media":"","overlay-type":"","overlay-color":"","overlay-opacity":"","overlay-gradient":""}},"ast-content-background-meta":{"desktop":{"background-color":"var(--ast-global-color-5)","background-image":"","background-repeat":"repeat","background-position":"center center","background-size":"auto","background-attachment":"scroll","background-type":"","background-media":"","overlay-type":"","overlay-color":"","overlay-opacity":"","overlay-gradient":""},"tablet":{"background-color":"var(--ast-global-color-5)","background-image":"","background-repeat":"repeat","background-position":"center center","background-size":"auto","background-attachment":"scroll","background-type":"","background-media":"","overlay-type":"","overlay-color":"","overlay-opacity":"","overlay-gradient":""},"mobile":{"background-color":"var(--ast-global-color-5)","background-image":"","background-repeat":"repeat","background-position":"center center","background-size":"auto","background-attachment":"scroll","background-type":"","background-media":"","overlay-type":"","overlay-color":"","overlay-opacity":"","overlay-gradient":""}},"footnotes":""},"class_list":["post-32","page","type-page","status-publish","hentry"],"aioseo_notices":[],"uagb_featured_image_src":{"full":false,"thumbnail":false,"medium":false,"medium_large":false,"large":false,"1536x1536":false,"2048x2048":false,"trp-custom-language-flag":false},"uagb_author_info":{"display_name":"Webmaster","author_link":"https:\/\/britewebsites.com\/fr\/author\/coolmo2006yahoo-fr\/"},"uagb_comment_info":0,"uagb_excerpt":"Unleashing Creativity Online With a passion for web design that began years ago, We have transformed our enthusiasm into crafting [&hellip;]","_links":{"self":[{"href":"https:\/\/britewebsites.com\/fr\/wp-json\/wp\/v2\/pages\/32","targetHints":{"allow":["GET"]}}],"collection":[{"href":"https:\/\/britewebsites.com\/fr\/wp-json\/wp\/v2\/pages"}],"about":[{"href":"https:\/\/britewebsites.com\/fr\/wp-json\/wp\/v2\/types\/page"}],"author":[{"embeddable":true,"href":"https:\/\/britewebsites.com\/fr\/wp-json\/wp\/v2\/users\/1"}],"replies":[{"embeddable":true,"href":"https:\/\/britewebsites.com\/fr\/wp-json\/wp\/v2\/comments?post=32"}],"version-history":[{"count":27,"href":"https:\/\/britewebsites.com\/fr\/wp-json\/wp\/v2\/pages\/32\/revisions"}],"predecessor-version":[{"id":3888,"href":"https:\/\/britewebsites.com\/fr\/wp-json\/wp\/v2\/pages\/32\/revisions\/3888"}],"wp:attachment":[{"href":"https:\/\/britewebsites.com\/fr\/wp-json\/wp\/v2\/media?parent=32"}],"curies":[{"name":"wp","href":"https:\/\/api.w.org\/{rel}","templated":true}]}}